{"id":19,"date":"2025-04-13T10:18:09","date_gmt":"2025-04-13T07:18:09","guid":{"rendered":"https:\/\/livevipslot.xyz\/?page_id=19"},"modified":"2025-04-19T18:26:59","modified_gmt":"2025-04-19T15:26:59","slug":"vizyonumuz","status":"publish","type":"page","link":"https:\/\/livevipslot.xyz\/index.php\/vizyonumuz\/","title":{"rendered":"Vizyonumuz"},"content":{"rendered":"\n<p><a href=\"https:\/\/livevipslot.xyz\/\">Livevipslot<\/a> olarak vizyonumuzu her oyuncuya e\u015fsiz, g\u00fcvenli ve kazan\u00e7 dolu bir deneyim sunarak <a href=\"http:\/\/www.kibriszoomslot.com\/\" target=\"_blank\" rel=\"noopener\">casino<\/a> d\u00fcnyas\u0131nda devrim yaratmak olarak belirliyoruz. Teknolojiyi ve yenilikleri en \u00fcst d\u00fczeyde kullanarak, farkl\u0131 oyun se\u00e7enekleri, y\u00fcksek kazan\u00e7 oranlar\u0131 ve kaliteli hizmeti bir araya getiriyoruz. B\u00f6ylece geni\u015f bir deneyim yelpazesi sunuyoruz. Amac\u0131m\u0131z yaln\u0131zca bir oyun platformu olmak de\u011fil, her ad\u0131mda e\u011flenceyi, heyecan\u0131 ve kazanc\u0131 birle\u015ftirip oyuncular\u0131m\u0131za unutulmaz anlar ya\u015fatmay\u0131 sa\u011flamakt\u0131r.<\/p>\n\n\n\n<p>Teknolojimiz ve m\u00fc\u015fteri odakl\u0131 hizmet anlay\u0131\u015f\u0131m\u0131zla, her oyuncunun ihtiya\u00e7lar\u0131na y\u00f6nelik yenilik\u00e7i \u00e7\u00f6z\u00fcmler sunuyoruz. Kullan\u0131c\u0131 dostu aray\u00fcz\u00fcm\u00fcz, h\u0131zl\u0131 \u00f6deme sistemlerimiz ve 7\/24 canl\u0131 destek hizmetimizle sorunsuz bir deneyim sa\u011fl\u0131yoruz. Oyunlar\u0131 kolayca ke\u015ffedin ve kazan\u00e7lar\u0131n\u0131z\u0131 g\u00fcvenle \u00e7ekin, ayr\u0131ca her an yan\u0131n\u0131zda olan destek ekibimizle kar\u015f\u0131la\u015ft\u0131\u011f\u0131n\u0131z her t\u00fcrl\u00fc soruna an\u0131nda \u00e7\u00f6z\u00fcm buluyoruz. Bu sayede, oyun deneyiminiz hi\u00e7 kesilmeden keyifli ve g\u00fcvenli bir hale geliyor.<\/p>\n\n\n\n<p>Vizyonumuzu, yaln\u0131zca e\u011flenceyi de\u011fil, g\u00fcvenli\u011fi ve sorumlu oyun anlay\u0131\u015f\u0131n\u0131 da \u00f6n planda tutarak \u015fekillendiriyoruz. Bu do\u011frultuda, oyuncular\u0131m\u0131za sadece heyecan verici ve e\u011flenceli bir oyun deneyimi sunmakla kalm\u0131yor. Ayn\u0131 zamanda kazan\u00e7lar\u0131n\u0131 g\u00fcvenli ve sorumlu bir ortamda elde etmelerini sa\u011fl\u0131yoruz. Livevipslot, h\u0131zla geli\u015fen casino d\u00fcnyas\u0131nda her zaman en iyiyi sunmay\u0131 hedefliyor. Bunun i\u00e7in de s\u00fcrekli olarak yenilik\u00e7i \u00f6zellikler ve \u00e7\u00f6z\u00fcmler getiriyor. Ayr\u0131ca, oyuncular\u0131m\u0131z\u0131n her t\u00fcrl\u00fc beklentisini a\u015fmay\u0131 ama\u00e7layarak, onlar\u0131n oyun deneyimlerini her ge\u00e7en g\u00fcn daha da geli\u015ftirmeyi planl\u0131yoruz. Sundu\u011fumuz hizmetlerle, kullan\u0131c\u0131lar\u0131m\u0131z\u0131n ihtiya\u00e7lar\u0131na en iyi \u015fekilde cevap veriyor. B\u00f6ylece casino d\u00fcnyas\u0131nda lider olma yolunda ilerliyoruz.<\/p>\n\n\n\n<p>Amac\u0131m\u0131z, her zaman daha fazla e\u011flence, daha fazla kazan\u00e7 ve daha kaliteli bir deneyim sunmakt\u0131r. Bu sayede oyuncular\u0131m\u0131z g\u00fcvenle vakit ge\u00e7iriyor ve memnuniyetle deneyimlerini s\u00fcrd\u00fcr\u00fcyorlar. Geli\u015fen oyun trendlerine ayak uyduruyor, yeni nesil \u00f6zelliklerle oyuncular\u0131m\u0131za \u00f6zg\u00fcn f\u0131rsatlar sunuyoruz. B\u00f6ylece oyun d\u00fcnyas\u0131nda daima lider kalmay\u0131 hedefliyoruz.<\/p>\n\n\n\n<p>Biz, yaln\u0131zca bir oyun platformu de\u011fil, oyuncular\u0131m\u0131za daha iyi bir deneyim alan\u0131 sunmay\u0131 ama\u00e7l\u0131yoruz!<\/p>\n","protected":false},"excerpt":{"rendered":"<p>Livevipslot olarak vizyonumuzu her oyuncuya e\u015fsiz, g\u00fcvenli ve kazan\u00e7 dolu bir deneyim sunarak casino d\u00fcnyas\u0131nda devrim yaratmak olarak belirliyoruz. Teknolojiyi [&hellip;]<\/p>\n","protected":false},"author":1,"featured_media":11,"parent":0,"menu_order":0,"comment_status":"closed","ping_status":"closed","template":"","meta":{"site-sidebar-layout":"default","site-content-layout":"","ast-site-content-layout":"","site-content-style":"default","site-sidebar-style":"default","ast-global-header-display":"","ast-banner-title-visibility":"","ast-main-header-display":"","ast-hfb-above-header-display":"","ast-hfb-below-header-display":"","ast-hfb-mobile-header-display":"","site-post-title":"","ast-breadcrumbs-content":"","ast-featured-img":"disabled","footer-sml-layout":"","theme-transparent-header-meta":"","adv-header-id-meta":"","stick-header-meta":"","header-above-stick-meta":"","header-main-stick-meta":"","header-below-stick-meta":"","astra-migrate-meta-layouts":"default","ast-page-background-enabled":"default","ast-page-background-meta":{"desktop":{"background-color":"var(--ast-global-color-5)","background-image":"","background-repeat":"repeat","background-position":"center center","background-size":"auto","background-attachment":"scroll","background-type":"","background-media":"","overlay-type":"","overlay-color":"","overlay-opacity":"","overlay-gradient":""},"tablet":{"background-color":"","background-image":"","background-repeat":"repeat","background-position":"center center","background-size":"auto","background-attachment":"scroll","background-type":"","background-media":"","overlay-type":"","overlay-color":"","overlay-opacity":"","overlay-gradient":""},"mobile":{"background-color":"","background-image":"","background-repeat":"repeat","background-position":"center center","background-size":"auto","background-attachment":"scroll","background-type":"","background-media":"","overlay-type":"","overlay-color":"","overlay-opacity":"","overlay-gradient":""}},"ast-content-background-meta":{"desktop":{"background-color":"var(--ast-global-color-4)","background-image":"","background-repeat":"repeat","background-position":"center center","background-size":"auto","background-attachment":"scroll","background-type":"","background-media":"","overlay-type":"","overlay-color":"","overlay-opacity":"","overlay-gradient":""},"tablet":{"background-color":"var(--ast-global-color-4)","background-image":"","background-repeat":"repeat","background-position":"center center","background-size":"auto","background-attachment":"scroll","background-type":"","background-media":"","overlay-type":"","overlay-color":"","overlay-opacity":"","overlay-gradient":""},"mobile":{"background-color":"var(--ast-global-color-4)","background-image":"","background-repeat":"repeat","background-position":"center center","background-size":"auto","background-attachment":"scroll","background-type":"","background-media":"","overlay-type":"","overlay-color":"","overlay-opacity":"","overlay-gradient":""}},"footnotes":""},"class_list":["post-19","page","type-page","status-publish","has-post-thumbnail","hentry"],"_links":{"self":[{"href":"https:\/\/livevipslot.xyz\/index.php\/wp-json\/wp\/v2\/pages\/19","targetHints":{"allow":["GET"]}}],"collection":[{"href":"https:\/\/livevipslot.xyz\/index.php\/wp-json\/wp\/v2\/pages"}],"about":[{"href":"https:\/\/livevipslot.xyz\/index.php\/wp-json\/wp\/v2\/types\/page"}],"author":[{"embeddable":true,"href":"https:\/\/livevipslot.xyz\/index.php\/wp-json\/wp\/v2\/users\/1"}],"replies":[{"embeddable":true,"href":"https:\/\/livevipslot.xyz\/index.php\/wp-json\/wp\/v2\/comments?post=19"}],"version-history":[{"count":2,"href":"https:\/\/livevipslot.xyz\/index.php\/wp-json\/wp\/v2\/pages\/19\/revisions"}],"predecessor-version":[{"id":46,"href":"https:\/\/livevipslot.xyz\/index.php\/wp-json\/wp\/v2\/pages\/19\/revisions\/46"}],"wp:featuredmedia":[{"embeddable":true,"href":"https:\/\/livevipslot.xyz\/index.php\/wp-json\/wp\/v2\/media\/11"}],"wp:attachment":[{"href":"https:\/\/livevipslot.xyz\/index.php\/wp-json\/wp\/v2\/media?parent=19"}],"curies":[{"name":"wp","href":"https:\/\/api.w.org\/{rel}","templated":true}]}}